{"id":15,"date":"2015-05-12T13:41:34","date_gmt":"2015-05-12T11:41:34","guid":{"rendered":"http:\/\/dwdu.bplaced.net\/wp\/?page_id=15"},"modified":"2020-03-30T17:01:22","modified_gmt":"2020-03-30T15:01:22","slug":"haus","status":"publish","type":"page","link":"https:\/\/dwdu.de\/?page_id=15","title":{"rendered":"Haus"},"content":{"rendered":"<p>Der Kindergarten &#8222;Die Wilde 13 e.V.&#8220; liegt inmitten der kleinen Ortschaft Uckendorf mit ca. 1.000 Einwohnern (im Stadtgebiet Niederkassel, ca. 38.000 Einwohner) neben einer katholischen Kirche und der &#8222;Alten Schule&#8220; (Dorfsaal).<\/p>\n<p>Der Kindergarten befindet sich in einem gem\u00fctlichen Backsteinhaus mit zahlreichen R\u00e4umlichkeiten f\u00fcr unsere 40 Tagesst\u00e4ttenkinder. Die R\u00e4ume sind dabei so gestaltet, dass die Sinne der Kinder vielseitig angeregt werden und die freie Wahl ihrer Spielpartner, Spielinhalte und Spielmaterial erm\u00f6glichen.<\/p>\n<p>Au\u00dfenspielger\u00e4te, die dem hohen Bewegungsbed\u00fcrfnis der Kinder und ihrem phantasievollem Spiel im Freien gen\u00fcgen, diversen Spielm\u00f6glichkeiten wie unterschiedliche Kletterm\u00f6glichkeiten, Springen, Gleichgewichtsschulung, Verstecken, Spielentwicklung und vieles andere mehr finden die Kinder auf unserem gro\u00dfz\u00fcgigen Au\u00dfengel\u00e4nde. Aus Sicherheits-, optischen und p\u00e4dagogischen Gr\u00fcnden (Abgrenzung einzelner Spiel- und Bewegungsbereiche) wurden die diversen p\u00e4dagogische Zonen durch Palisaden getrennt.<\/p>\n<p>Herzlich willkommen auf einem Rundgang durch unser sch\u00f6nes Haus&#8230;<\/p>\n<div style=\"width: 620px;\" class=\"wp-video\"><video class=\"wp-video-shortcode\" id=\"video-15-1\" width=\"620\" height=\"349\" preload=\"metadata\" controls=\"controls\"><source type=\"video\/mp4\" src=\"https:\/\/dwdu.de\/wp-content\/uploads\/2017\/11\/Die_Wilde_13_eV.mp4?_=1\" \/><a href=\"https:\/\/dwdu.de\/wp-content\/uploads\/2017\/11\/Die_Wilde_13_eV.mp4\">https:\/\/dwdu.de\/wp-content\/uploads\/2017\/11\/Die_Wilde_13_eV.mp4<\/a><\/video><\/div>\n","protected":false},"excerpt":{"rendered":"<p>Der Kindergarten &#8222;Die Wilde 13 e.V.&#8220; liegt inmitten der kleinen Ortschaft Uckendorf mit ca. 1.000 Einwohnern (im Stadtgebiet Niederkassel, ca. 38.000 Einwohner) neben einer katholischen Kirche und der &#8222;Alten Schule&#8220; (Dorfsaal). Der Kindergarten befindet sich in einem gem\u00fctlichen Backsteinhaus mit zahlreichen R\u00e4umlichkeiten f\u00fcr unsere 40 Tagesst\u00e4ttenkinder. Die R\u00e4ume sind dabei so gestaltet, dass die Sinne &hellip; <a href=\"https:\/\/dwdu.de\/?page_id=15\" class=\"more-link\">Weiterlesen <span class=\"screen-reader-text\">Haus<\/span><\/a><\/p>\n","protected":false},"author":1,"featured_media":0,"parent":10,"menu_order":0,"comment_status":"closed","ping_status":"open","template":"page-templates\/full-width-page.php","meta":{"footnotes":""},"class_list":["post-15","page","type-page","status-publish","hentry","without-featured-image"],"_links":{"self":[{"href":"https:\/\/dwdu.de\/index.php?rest_route=\/wp\/v2\/pages\/15","targetHints":{"allow":["GET"]}}],"collection":[{"href":"https:\/\/dwdu.de\/index.php?rest_route=\/wp\/v2\/pages"}],"about":[{"href":"https:\/\/dwdu.de\/index.php?rest_route=\/wp\/v2\/types\/page"}],"author":[{"embeddable":true,"href":"https:\/\/dwdu.de\/index.php?rest_route=\/wp\/v2\/users\/1"}],"replies":[{"embeddable":true,"href":"https:\/\/dwdu.de\/index.php?rest_route=%2Fwp%2Fv2%2Fcomments&post=15"}],"version-history":[{"count":3,"href":"https:\/\/dwdu.de\/index.php?rest_route=\/wp\/v2\/pages\/15\/revisions"}],"predecessor-version":[{"id":722,"href":"https:\/\/dwdu.de\/index.php?rest_route=\/wp\/v2\/pages\/15\/revisions\/722"}],"up":[{"embeddable":true,"href":"https:\/\/dwdu.de\/index.php?rest_route=\/wp\/v2\/pages\/10"}],"wp:attachment":[{"href":"https:\/\/dwdu.de\/index.php?rest_route=%2Fwp%2Fv2%2Fmedia&parent=15"}],"curies":[{"name":"wp","href":"https:\/\/api.w.org\/{rel}","templated":true}]}}