{"id":215,"date":"2015-05-28T22:47:19","date_gmt":"2015-05-28T20:47:19","guid":{"rendered":"http:\/\/dwdu.bplaced.net\/wp\/?page_id=215"},"modified":"2025-06-04T13:45:20","modified_gmt":"2025-06-04T11:45:20","slug":"impressum","status":"publish","type":"page","link":"https:\/\/dwdu.de\/?page_id=215","title":{"rendered":"Impressum"},"content":{"rendered":"<p>Diese Website wird durch den Verein &#8222;Die Wilde 13 e.V.&#8220; betrieben.<\/p>\n<p>Der Verein &#8222;Die Wilde 13 e.V.&#8220; wird gesetzlich vertreten durch den 1. Vorsitzenden Mario Goebel und\/oder den 2. Vorsitzenden Ramon Gschwend und\/oder den 1. Beisitzer Sascha Wulke.<\/p>\n<p>Die &#8222;Die Wilde 13 e.V.&#8220; ist im Vereinsregister des Amtsgerichts Siegburg unter der Nummer 1682 eingetragen.<\/p>\n<table class=\"main\" border=\"0\" cellspacing=\"0\" cellpadding=\"0\">\n<tbody>\n<tr>\n<td valign=\"top\"><b>Anschrift:<\/b>&#8222;Die Wilde 13 e.V.&#8220;<br \/>\nKirchweg 8a<br \/>\n53859 Niederkassel-Uckendorf<br \/>\nTel.: 02208 74189<br \/>\n<b>Bankverbindung:<\/b><br \/>\nKreissparkasse K\u00f6ln<br \/>\nIBAN: DE86370502990062003108 \/ BIC:\u00a0<span class=\"s4\"><span class=\"bumpedFont20\">COKS<\/span><\/span><span class=\"s4\"><span class=\"bumpedFont20\">DE33XXX<br \/>\n<\/span><\/span><b>Webmaster und Redaktion:<\/b><br \/>\nE-Mail: webmaster@dwdu.de<\/td>\n<td valign=\"top\"><strong>Wir sind Mitglied im:<a href=\"https:\/\/dwdu.de\/wp-content\/uploads\/2015\/07\/Logo_mitglied_web250pixel.gif\"><img decoding=\"async\" class=\"alignnone size-full wp-image-374\" src=\"https:\/\/dwdu.de\/wp-content\/uploads\/2015\/07\/Logo_mitglied_web250pixel.gif\" alt=\"Logo_mitglied_web250pixel\" width=\"268\" height=\"71\" \/><\/a><\/strong><\/td>\n<\/tr>\n<\/tbody>\n<\/table>\n<p><b>Urheberrechte:<\/b><br \/>\nDie Inhalte der Website der &#8222;Die Wilde 13 e.V.&#8220; unterliegen &#8211; sofern nicht anders gekennzeichnet &#8211; dem Urheberrecht und d\u00fcrfen nicht ohne vorherige schriftliche Zustimmung der &#8222;Die Wilde 13 e.V.&#8220; weder als Ganzes noch in Teilen verbreitet, ver\u00e4ndert oder kopiert werden. Die auf dieser Website eingebundenen Bilder d\u00fcrfen nicht ohne vorherige schriftliche Zustimmung der &#8222;Die Wilde 13 e.V.&#8220; verwendet werden. Auf den Websites enthaltene Bilder unterliegen teilweise dem Urheberrecht Dritter.<\/p>\n<p><b>Datenschutz:<\/b><br \/>\nDie Website der &#8222;Die Wilde 13 e.V.&#8220; dient allein der Information ihrer Nutzer. S\u00e4mtliche hier erhobenen pers\u00f6nlichen Nutzerdaten werden ausschlie\u00dflich zur individuellen Betreuung oder zur \u00dcbersendung von Informationen gespeichert und verarbeitet. Die &#8222;Die Wilde 13 e.V.&#8220; sichert zu, dass diese Daten entsprechend den geltenden datenschutzrechtlichen Bestimmungen vertraulich behandelt werden.<\/p>\n<p><b>Haftungsausschluss:<\/b><br \/>\nDie Website der &#8222;Die Wilde 13 e.V.&#8220; wurde mit gr\u00f6\u00dfter Sorgfalt erstellt. Dennoch wird keine Gew\u00e4hr f\u00fcr die Fehlerfreiheit und Genauigkeit der enthaltenen Informationen \u00fcbernommen. Jegliche Haftung f\u00fcr Sch\u00e4den, die direkt oder indirekt aus der Benutzung dieser Website entstehen, wird ausgeschlossen, soweit diese nicht auf Vorsatz oder grober Fahrl\u00e4ssigkeit beruhen. Die &#8222;Die Wilde 13 e.V.&#8220; \u00fcbernimmt gem\u00e4\u00df \u00a7 5 Abs. 3 Mediendienstestaatsvertrag (MDStV) keinerlei Verantwortung f\u00fcr fremde Inhalte, zu denen die &#8222;Die Wilde 13 e.V.&#8220; lediglich den Zugang zur Nutzung vermittelt (Links).<\/p>\n","protected":false},"excerpt":{"rendered":"<p>Diese Website wird durch den Verein &#8222;Die Wilde 13 e.V.&#8220; betrieben. Der Verein &#8222;Die Wilde 13 e.V.&#8220; wird gesetzlich vertreten durch den 1. Vorsitzenden Mario Goebel und\/oder den 2. Vorsitzenden Ramon Gschwend und\/oder den 1. Beisitzer Sascha Wulke. Die &#8222;Die Wilde 13 e.V.&#8220; ist im Vereinsregister des Amtsgerichts Siegburg unter der Nummer 1682 eingetragen. Anschrift:&#8222;Die &hellip; <a href=\"https:\/\/dwdu.de\/?page_id=215\" class=\"more-link\">Weiterlesen <span class=\"screen-reader-text\">Impressum<\/span><\/a><\/p>\n","protected":false},"author":1,"featured_media":0,"parent":0,"menu_order":0,"comment_status":"closed","ping_status":"open","template":"page-templates\/full-width-page.php","meta":{"footnotes":""},"class_list":["post-215","page","type-page","status-publish","hentry","without-featured-image"],"_links":{"self":[{"href":"https:\/\/dwdu.de\/index.php?rest_route=\/wp\/v2\/pages\/215","targetHints":{"allow":["GET"]}}],"collection":[{"href":"https:\/\/dwdu.de\/index.php?rest_route=\/wp\/v2\/pages"}],"about":[{"href":"https:\/\/dwdu.de\/index.php?rest_route=\/wp\/v2\/types\/page"}],"author":[{"embeddable":true,"href":"https:\/\/dwdu.de\/index.php?rest_route=\/wp\/v2\/users\/1"}],"replies":[{"embeddable":true,"href":"https:\/\/dwdu.de\/index.php?rest_route=%2Fwp%2Fv2%2Fcomments&post=215"}],"version-history":[{"count":12,"href":"https:\/\/dwdu.de\/index.php?rest_route=\/wp\/v2\/pages\/215\/revisions"}],"predecessor-version":[{"id":845,"href":"https:\/\/dwdu.de\/index.php?rest_route=\/wp\/v2\/pages\/215\/revisions\/845"}],"wp:attachment":[{"href":"https:\/\/dwdu.de\/index.php?rest_route=%2Fwp%2Fv2%2Fmedia&parent=215"}],"curies":[{"name":"wp","href":"https:\/\/api.w.org\/{rel}","templated":true}]}}