{"id":265,"date":"2015-05-12T13:33:28","date_gmt":"2015-05-12T11:33:28","guid":{"rendered":"http:\/\/dwdu.bplaced.net\/wp\/?page_id=6"},"modified":"2022-02-21T22:24:27","modified_gmt":"2022-02-21T21:24:27","slug":"hallo-liebe-besucher","status":"publish","type":"page","link":"https:\/\/dwdu.de\/","title":{"rendered":"Die Wilde 13"},"content":{"rendered":"<p><img decoding=\"async\" class=\"size-full wp-image-727 alignright\" src=\"https:\/\/dwdu.de\/wp-content\/uploads\/2020\/10\/upblqwmu.png\" alt=\"\" width=\"183\" height=\"188\" \/><\/p>\n<p>Willkommen auf der Homepage der Wilden 13!<br \/>\nDer Verein &#8222;Die Wilde 13 e.V.&#8220; wurde 1993 als Elterninitiative gegr\u00fcndet, mit dem Ziel einen dorfeigenen Kindergarten zu schaffen. Zwei Jahre sp\u00e4ter wurde bereits der Kindergarten in einem romantischen, alten Backsteinhaus inmitten der Ortschaft Uckendorf er\u00f6ffnet. Der Kindergarten betreut insgesamt 40 Kinder aus Uckendorf und Umgebung. Aufgrund des anspruchsvollen p\u00e4dagogischen Konzeptes und der innovativen Ideen erfreut sich die Einrichtung gro\u00dfer Beliebtheit.<\/p>\n<p>Aktivit\u00e4ten rund um St. Martin, Nikolaus und das allj\u00e4hrliche Sommerfest sowie in Kooperation mit anderen Dorfvereinen in der Brauchtumspflege mit \u00a0Adventsmarkt und dem Stra\u00dfenkarneval werden von den Bewohnern Uckendorfs dankend angenommen.<\/p>\n<p>Herzlich Willkommen an Bord der Wilden 13! Wir w\u00fcnschen euch viel Spa\u00df beim St\u00f6bern. Z\u00f6gert nicht uns bei Fragen anzusprechen &#8211; wir freuen uns auf euch!<\/p>\n<p>Der Vorstand der Wilden 13<\/p>\n<p>&nbsp;<\/p>\n","protected":false},"excerpt":{"rendered":"<p>Willkommen auf der Homepage der Wilden 13! Der Verein &#8222;Die Wilde 13 e.V.&#8220; wurde 1993 als Elterninitiative gegr\u00fcndet, mit dem Ziel einen dorfeigenen Kindergarten zu schaffen. Zwei Jahre sp\u00e4ter wurde bereits der Kindergarten in einem romantischen, alten Backsteinhaus inmitten der Ortschaft Uckendorf er\u00f6ffnet. Der Kindergarten betreut insgesamt 40 Kinder aus Uckendorf und Umgebung. Aufgrund des &hellip; <a href=\"https:\/\/dwdu.de\/\" class=\"more-link\">Weiterlesen <span class=\"screen-reader-text\">Die Wilde 13<\/span><\/a><\/p>\n","protected":false},"author":1,"featured_media":0,"parent":0,"menu_order":0,"comment_status":"open","ping_status":"open","template":"page-templates\/front-page.php","meta":{"footnotes":""},"class_list":["post-265","page","type-page","status-publish","hentry","without-featured-image"],"_links":{"self":[{"href":"https:\/\/dwdu.de\/index.php?rest_route=\/wp\/v2\/pages\/265","targetHints":{"allow":["GET"]}}],"collection":[{"href":"https:\/\/dwdu.de\/index.php?rest_route=\/wp\/v2\/pages"}],"about":[{"href":"https:\/\/dwdu.de\/index.php?rest_route=\/wp\/v2\/types\/page"}],"author":[{"embeddable":true,"href":"https:\/\/dwdu.de\/index.php?rest_route=\/wp\/v2\/users\/1"}],"replies":[{"embeddable":true,"href":"https:\/\/dwdu.de\/index.php?rest_route=%2Fwp%2Fv2%2Fcomments&post=265"}],"version-history":[{"count":16,"href":"https:\/\/dwdu.de\/index.php?rest_route=\/wp\/v2\/pages\/265\/revisions"}],"predecessor-version":[{"id":748,"href":"https:\/\/dwdu.de\/index.php?rest_route=\/wp\/v2\/pages\/265\/revisions\/748"}],"wp:attachment":[{"href":"https:\/\/dwdu.de\/index.php?rest_route=%2Fwp%2Fv2%2Fmedia&parent=265"}],"curies":[{"name":"wp","href":"https:\/\/api.w.org\/{rel}","templated":true}]}}