{"id":39,"date":"2015-05-12T15:38:50","date_gmt":"2015-05-12T13:38:50","guid":{"rendered":"http:\/\/dwdu.bplaced.net\/wp\/?page_id=39"},"modified":"2015-05-12T15:38:50","modified_gmt":"2015-05-12T13:38:50","slug":"gremien","status":"publish","type":"page","link":"https:\/\/dwdu.de\/?page_id=39","title":{"rendered":"Gremien"},"content":{"rendered":"<h4>Wer macht was?<\/h4>\n<p>Die beste Grundlage f\u00fcr eine gute Zusammenarbeit zum Wohl des Kindes ist eine positive Zusammenarbeit zwischen Eltern und Kindergarten. Wichtig ist hierbei der Aufbau eines offenen, partnerschaftlichen und vertrauensvollem Verh\u00e4ltnis. Wir verstehen darunter, da\u00df Eltern mit Fragen, W\u00fcnschen, aber auch mit Problemen und Schwierigkeiten zu uns kommen, damit gemeinsam nach L\u00f6sungsm\u00f6glichkeiten oder Hilfestellungen geschaut werden kann. Selbstverst\u00e4ndlich ist hierbei, da\u00df alle \u00c4u\u00dferungen streng vertraulich behandelt werden.<\/p>\n<p>Zur Mitarbeit in den einzelnen Gremien sind alle Eltern herzlich eingeladen.<\/p>\n<p>Wir halten eine enge und vertrauensvolle Zusammenarbeit mit Ihnen f\u00fcr sehr wichtig. H\u00e4ufig ergeben sich Gespr\u00e4che zwischen &#8222;T\u00fcr und Angel&#8220;, z.B. wenn das Kind gebracht oder abgeholt wird. Regelm\u00e4\u00dfig bieten wir Elternsprechtage an. Eine Liste zum eintragen finden Sie dann am &#8222;Schwarzen Brett&#8220;. F\u00fcr dringende Gespr\u00e4che k\u00f6nnen Sie auch spontan einen Termin mit uns vereinbaren.<\/p>\n<p>\u00dcber ihre aktive Mithilfe im Kindergarten freuen wir uns sehr. M\u00f6glichkeiten zur Hilfe bieten sich z.B. bei der Vorbereitung und Durchf\u00fchrung von Veranstaltungen im und au\u00dferhalb des Kindergartens und bei der Realisierung von unterschiedlichen Aktionen.<\/p>\n<p>Zu unterschiedlichen Themen und in losen Abst\u00e4nden bieten wir Elternabende an. Hierzu werden auch Referenten eingeladen. Zu solchen Abenden sind nicht nur die Eltern eingeladen, sondern auch Gro\u00dfeltern, Freunde und Bekannte.<\/p>\n<p>In regelm\u00e4\u00dfigen Abst\u00e4nden findet nachmittags, betreut durch das Kiga-Team, ein Elternkaffee f\u00fcr interessierte Eltern statt. In gem\u00fctlicher Runde haben Sie die M\u00f6glichkeit miteinander Kaffee zu trinken, zu reden und neu! nebenbei auch kreativ t\u00e4tig zu sein.<\/p>\n","protected":false},"excerpt":{"rendered":"<p>Wer macht was? Die beste Grundlage f\u00fcr eine gute Zusammenarbeit zum Wohl des Kindes ist eine positive Zusammenarbeit zwischen Eltern und Kindergarten. Wichtig ist hierbei der Aufbau eines offenen, partnerschaftlichen und vertrauensvollem Verh\u00e4ltnis. Wir verstehen darunter, da\u00df Eltern mit Fragen, W\u00fcnschen, aber auch mit Problemen und Schwierigkeiten zu uns kommen, damit gemeinsam nach L\u00f6sungsm\u00f6glichkeiten oder &hellip; <a href=\"https:\/\/dwdu.de\/?page_id=39\" class=\"more-link\">Weiterlesen <span class=\"screen-reader-text\">Gremien<\/span><\/a><\/p>\n","protected":false},"author":1,"featured_media":0,"parent":0,"menu_order":20,"comment_status":"closed","ping_status":"open","template":"page-templates\/full-width-page.php","meta":{"footnotes":""},"class_list":["post-39","page","type-page","status-publish","hentry","without-featured-image"],"_links":{"self":[{"href":"https:\/\/dwdu.de\/index.php?rest_route=\/wp\/v2\/pages\/39","targetHints":{"allow":["GET"]}}],"collection":[{"href":"https:\/\/dwdu.de\/index.php?rest_route=\/wp\/v2\/pages"}],"about":[{"href":"https:\/\/dwdu.de\/index.php?rest_route=\/wp\/v2\/types\/page"}],"author":[{"embeddable":true,"href":"https:\/\/dwdu.de\/index.php?rest_route=\/wp\/v2\/users\/1"}],"replies":[{"embeddable":true,"href":"https:\/\/dwdu.de\/index.php?rest_route=%2Fwp%2Fv2%2Fcomments&post=39"}],"version-history":[{"count":0,"href":"https:\/\/dwdu.de\/index.php?rest_route=\/wp\/v2\/pages\/39\/revisions"}],"wp:attachment":[{"href":"https:\/\/dwdu.de\/index.php?rest_route=%2Fwp%2Fv2%2Fmedia&parent=39"}],"curies":[{"name":"wp","href":"https:\/\/api.w.org\/{rel}","templated":true}]}}