{"id":93,"date":"2015-05-20T15:33:10","date_gmt":"2015-05-20T13:33:10","guid":{"rendered":"http:\/\/dwdu.bplaced.net\/wp\/?page_id=93"},"modified":"2020-03-27T18:11:08","modified_gmt":"2020-03-27T17:11:08","slug":"unser-team","status":"publish","type":"page","link":"https:\/\/dwdu.de\/?page_id=93","title":{"rendered":"Unser Team"},"content":{"rendered":"<p>In der Wilden 13 arbeitet ein motiviertes Team von staatlich anerkannten Erzieherinnen mit unterschiedlichen Zusatzqualifikationen. Mit viel Engagement und Herzblut bringen wir unsere Lebens- und Berufserfahrung und unsere unterschiedlichen St\u00e4rken und Kompetenzen in unseren Kindergartenalltag mit ein. Unser Team wird au\u00dferdem durch eine Hauswirtschaftskraft und eine Reinigungskraft erg\u00e4nzt und unterst\u00fctzt.<\/p>\n<p>&nbsp;<\/p>\n<p>&nbsp;<\/p>\n","protected":false},"excerpt":{"rendered":"<p>In der Wilden 13 arbeitet ein motiviertes Team von staatlich anerkannten Erzieherinnen mit unterschiedlichen Zusatzqualifikationen. Mit viel Engagement und Herzblut bringen wir unsere Lebens- und Berufserfahrung und unsere unterschiedlichen St\u00e4rken und Kompetenzen in unseren Kindergartenalltag mit ein. Unser Team wird au\u00dferdem durch eine Hauswirtschaftskraft und eine Reinigungskraft erg\u00e4nzt und unterst\u00fctzt. &nbsp; &nbsp;<\/p>\n","protected":false},"author":1,"featured_media":0,"parent":10,"menu_order":0,"comment_status":"closed","ping_status":"open","template":"page-templates\/full-width-page.php","meta":{"footnotes":""},"class_list":["post-93","page","type-page","status-publish","hentry","without-featured-image"],"_links":{"self":[{"href":"https:\/\/dwdu.de\/index.php?rest_route=\/wp\/v2\/pages\/93","targetHints":{"allow":["GET"]}}],"collection":[{"href":"https:\/\/dwdu.de\/index.php?rest_route=\/wp\/v2\/pages"}],"about":[{"href":"https:\/\/dwdu.de\/index.php?rest_route=\/wp\/v2\/types\/page"}],"author":[{"embeddable":true,"href":"https:\/\/dwdu.de\/index.php?rest_route=\/wp\/v2\/users\/1"}],"replies":[{"embeddable":true,"href":"https:\/\/dwdu.de\/index.php?rest_route=%2Fwp%2Fv2%2Fcomments&post=93"}],"version-history":[{"count":2,"href":"https:\/\/dwdu.de\/index.php?rest_route=\/wp\/v2\/pages\/93\/revisions"}],"predecessor-version":[{"id":717,"href":"https:\/\/dwdu.de\/index.php?rest_route=\/wp\/v2\/pages\/93\/revisions\/717"}],"up":[{"embeddable":true,"href":"https:\/\/dwdu.de\/index.php?rest_route=\/wp\/v2\/pages\/10"}],"wp:attachment":[{"href":"https:\/\/dwdu.de\/index.php?rest_route=%2Fwp%2Fv2%2Fmedia&parent=93"}],"curies":[{"name":"wp","href":"https:\/\/api.w.org\/{rel}","templated":true}]}}